{"id":230,"date":"2024-06-28T15:07:23","date_gmt":"2024-06-28T15:07:23","guid":{"rendered":"https:\/\/eurofop.eu\/?page_id=230"},"modified":"2024-09-04T19:40:36","modified_gmt":"2024-09-04T19:40:36","slug":"offre-de-formation","status":"publish","type":"page","link":"https:\/\/eurofop.eu\/fr\/offre-de-formation\/","title":{"rendered":"Offre de formation"},"content":{"rendered":"\t\t<div data-elementor-type=\"wp-page\" data-elementor-id=\"230\" class=\"elementor elementor-230\">\n\t\t\t\t\t\t<section class=\"elementor-section elementor-top-section elementor-element elementor-element-0972ef0 elementor-section-boxed elementor-section-height-default elementor-section-height-default\" data-id=\"0972ef0\" data-element_type=\"section\" data-e-type=\"section\">\n\t\t\t\t\t\t<div class=\"elementor-container elementor-column-gap-default\">\n\t\t\t\t\t<div class=\"elementor-column elementor-col-100 elementor-top-column elementor-element elementor-element-f5ff0e7\" data-id=\"f5ff0e7\" data-element_type=\"column\" data-e-type=\"column\">\n\t\t\t<div class=\"elementor-widget-wrap elementor-element-populated\">\n\t\t\t\t\t\t<div class=\"elementor-element elementor-element-915432a elementor-widget elementor-widget-text-editor\" data-id=\"915432a\" data-element_type=\"widget\" data-e-type=\"widget\" data-widget_type=\"text-editor.default\">\n\t\t\t\t<div class=\"elementor-widget-container\">\n\t\t\t\t\t\t\t\t\t<p lang=\"fr-FR\">Eurofop est un organisme de formation sp\u00e9cialis\u00e9 dans l\u2019accompagnement en \u00e9volution professionnelle. <strong>Nos formations s\u2019adressent aux professionnels de l\u2019accompagnement, du conseil, du bilan, de l\u2019insertion et de l\u2019orientation.<\/strong><\/p><p>Notre offre de formation est structur\u00e9e autour de plusieurs axes :<\/p><p>&#8211; Accompagnement et durabilit\u00e9<br \/>&#8211; Utilisation d\u2019outils d\u2019approches constructivistes, exp\u00e9rientielles et narratives<br \/>&#8211; Construction de projet professionnel dans le cadre du conseil en \u00e9volution professionnelle<\/p><p>Nous proposons diverses formules adapt\u00e9es \u00e0 vos besoins &#8211; en pr\u00e9sentiel ou \u00e0 distance, allant d&rsquo;une demi-journ\u00e9e \u00e0 plusieurs sessions. Nos formations sont centr\u00e9es sur l\u2019approche exp\u00e9rientielle : apprendre en faisant, avec des outils directement transf\u00e9rables \u00e0 la pratique professionnelle.<\/p><p lang=\"fr-FR\"><style type=\"text\/css\">p { line-height: 115%; margin-bottom: 0.1in; background: transparent }a:link { color: #000080; text-decoration: underline }<\/style><\/p>\t\t\t\t\t\t\t\t<\/div>\n\t\t\t\t<\/div>\n\t\t\t\t\t<\/div>\n\t\t<\/div>\n\t\t\t\t\t<\/div>\n\t\t<\/section>\n\t\t\t\t<section class=\"elementor-section elementor-top-section elementor-element elementor-element-f5b98b6 elementor-section-boxed elementor-section-height-default elementor-section-height-default\" data-id=\"f5b98b6\" data-element_type=\"section\" data-e-type=\"section\">\n\t\t\t\t\t\t<div class=\"elementor-container elementor-column-gap-default\">\n\t\t\t\t\t<div class=\"elementor-column elementor-col-100 elementor-top-column elementor-element elementor-element-7249b41\" data-id=\"7249b41\" data-element_type=\"column\" data-e-type=\"column\">\n\t\t\t<div class=\"elementor-widget-wrap elementor-element-populated\">\n\t\t\t\t\t\t<div class=\"elementor-element elementor-element-c5d9e7f elementor-grid-eael-col-3 elementor-grid-tablet-eael-col-2 elementor-grid-mobile-eael-col-1 elementor-widget elementor-widget-eael-post-grid\" data-id=\"c5d9e7f\" data-element_type=\"widget\" data-e-type=\"widget\" data-settings=\"{&quot;eael_post_grid_columns&quot;:&quot;eael-col-3&quot;,&quot;eael_post_grid_columns_tablet&quot;:&quot;eael-col-2&quot;,&quot;eael_post_grid_columns_mobile&quot;:&quot;eael-col-1&quot;}\" data-widget_type=\"eael-post-grid.default\">\n\t\t\t\t<div class=\"elementor-widget-container\">\n\t\t\t\t\t<div id=\"eael-post-grid-c5d9e7f\" class=\"eael-post-grid-container\">\n            <div class=\"eael-post-grid eael-post-appender eael-post-appender-c5d9e7f eael-post-grid-style-one\" data-layout-mode=\"masonry\"><article class=\"eael-grid-post  eael-post-grid-column eael-pg-post-236 category-formations\" data-id=\"236\">\n        <div class=\"eael-grid-post-holder\">\n            <div class=\"eael-grid-post-holder-inner\"><div class=\"eael-entry-media\"><div class=\"eael-entry-overlay fade-in\"><i class=\"fas fa-long-arrow-alt-right\" aria-hidden=\"true\"><\/i><a href=\"https:\/\/eurofop.eu\/fr\/integrer-la-durabilite-dans-sa-pratique-daccompagnement\/\"><\/a><\/div><div class=\"eael-entry-thumbnail \">\n                <img decoding=\"async\" width=\"300\" height=\"68\" src=\"https:\/\/eurofop.eu\/wp-content\/uploads\/2024\/09\/IMG-20240526-WA0027-300x68.jpg\" class=\"attachment-medium size-medium wp-image-477\" alt=\"\" srcset=\"https:\/\/eurofop.eu\/wp-content\/uploads\/2024\/09\/IMG-20240526-WA0027-300x68.jpg 300w, https:\/\/eurofop.eu\/wp-content\/uploads\/2024\/09\/IMG-20240526-WA0027-1024x232.jpg 1024w, https:\/\/eurofop.eu\/wp-content\/uploads\/2024\/09\/IMG-20240526-WA0027-768x174.jpg 768w, https:\/\/eurofop.eu\/wp-content\/uploads\/2024\/09\/IMG-20240526-WA0027-1536x348.jpg 1536w, https:\/\/eurofop.eu\/wp-content\/uploads\/2024\/09\/IMG-20240526-WA0027.jpg 1600w\" sizes=\"(max-width: 300px) 100vw, 300px\" \/>\n            <\/div>\n        <\/div><div class=\"eael-entry-wrapper\"><header class=\"eael-entry-header\"><h2 class=\"eael-entry-title\"><a class=\"eael-grid-post-link\" href=\"https:\/\/eurofop.eu\/fr\/integrer-la-durabilite-dans-sa-pratique-daccompagnement\/\" title=\"Int\u00e9grer la durabilit\u00e9 dans sa pratique d\u2019accompagnement\">Int\u00e9grer la durabilit\u00e9 dans sa pratique d\u2019accompagnement<\/a><\/h2><\/header><div class=\"eael-entry-content\">\n                        <div class=\"eael-grid-post-excerpt\"><a href=\"https:\/\/eurofop.eu\/fr\/integrer-la-durabilite-dans-sa-pratique-daccompagnement\/\" class=\"eael-post-elements-readmore-btn\">En savoir plus<\/a><\/div>\n                    <\/div><\/div><\/div>\n        <\/div>\n    <\/article><article class=\"eael-grid-post  eael-post-grid-column eael-pg-post-267 category-formations\" data-id=\"267\">\n        <div class=\"eael-grid-post-holder\">\n            <div class=\"eael-grid-post-holder-inner\"><div class=\"eael-entry-media\"><div class=\"eael-entry-overlay fade-in\"><i class=\"fas fa-long-arrow-alt-right\" aria-hidden=\"true\"><\/i><a href=\"https:\/\/eurofop.eu\/fr\/analyse-partagee-de-la-situation-comme-une-experience-developpante\/\"><\/a><\/div><div class=\"eael-entry-thumbnail \">\n                <img fetchpriority=\"high\" decoding=\"async\" width=\"300\" height=\"300\" src=\"https:\/\/eurofop.eu\/wp-content\/uploads\/2024\/06\/aps-developpante-300x300.jpg\" class=\"attachment-medium size-medium wp-image-299\" alt=\"\" srcset=\"https:\/\/eurofop.eu\/wp-content\/uploads\/2024\/06\/aps-developpante-300x300.jpg 300w, https:\/\/eurofop.eu\/wp-content\/uploads\/2024\/06\/aps-developpante-150x150.jpg 150w, https:\/\/eurofop.eu\/wp-content\/uploads\/2024\/06\/aps-developpante.jpg 512w\" sizes=\"(max-width: 300px) 100vw, 300px\" \/>\n            <\/div>\n        <\/div><div class=\"eael-entry-wrapper\"><header class=\"eael-entry-header\"><h2 class=\"eael-entry-title\"><a class=\"eael-grid-post-link\" href=\"https:\/\/eurofop.eu\/fr\/analyse-partagee-de-la-situation-comme-une-experience-developpante\/\" title=\"Analyse partag\u00e9e de situation comme exp\u00e9rience d\u00e9veloppante\">Analyse partag\u00e9e de situation comme exp\u00e9rience d\u00e9veloppante<\/a><\/h2><\/header><div class=\"eael-entry-content\">\n                        <div class=\"eael-grid-post-excerpt\"><a href=\"https:\/\/eurofop.eu\/fr\/analyse-partagee-de-la-situation-comme-une-experience-developpante\/\" class=\"eael-post-elements-readmore-btn\">En savoir plus<\/a><\/div>\n                    <\/div><\/div><\/div>\n        <\/div>\n    <\/article><article class=\"eael-grid-post  eael-post-grid-column eael-pg-post-278 category-formations\" data-id=\"278\">\n        <div class=\"eael-grid-post-holder\">\n            <div class=\"eael-grid-post-holder-inner\"><div class=\"eael-entry-media\"><div class=\"eael-entry-overlay fade-in\"><i class=\"fas fa-long-arrow-alt-right\" aria-hidden=\"true\"><\/i><a href=\"https:\/\/eurofop.eu\/fr\/utilisation-des-cartes-dans-laccompagnement\/\"><\/a><\/div><div class=\"eael-entry-thumbnail \">\n                <img decoding=\"async\" width=\"300\" height=\"300\" src=\"https:\/\/eurofop.eu\/wp-content\/uploads\/2024\/06\/cartes-accompagnements-300x300.jpg\" class=\"attachment-medium size-medium wp-image-297\" alt=\"\" srcset=\"https:\/\/eurofop.eu\/wp-content\/uploads\/2024\/06\/cartes-accompagnements-300x300.jpg 300w, https:\/\/eurofop.eu\/wp-content\/uploads\/2024\/06\/cartes-accompagnements-150x150.jpg 150w, https:\/\/eurofop.eu\/wp-content\/uploads\/2024\/06\/cartes-accompagnements.jpg 512w\" sizes=\"(max-width: 300px) 100vw, 300px\" \/>\n            <\/div>\n        <\/div><div class=\"eael-entry-wrapper\"><header class=\"eael-entry-header\"><h2 class=\"eael-entry-title\"><a class=\"eael-grid-post-link\" href=\"https:\/\/eurofop.eu\/fr\/utilisation-des-cartes-dans-laccompagnement\/\" title=\"Utilisation des cartes dans l&rsquo;accompagnement\">Utilisation des cartes dans l&rsquo;accompagnement<\/a><\/h2><\/header><div class=\"eael-entry-content\">\n                        <div class=\"eael-grid-post-excerpt\"><a href=\"https:\/\/eurofop.eu\/fr\/utilisation-des-cartes-dans-laccompagnement\/\" class=\"eael-post-elements-readmore-btn\">En savoir plus<\/a><\/div>\n                    <\/div><\/div><\/div>\n        <\/div>\n    <\/article><article class=\"eael-grid-post  eael-post-grid-column eael-pg-post-307 category-formations\" data-id=\"307\">\n        <div class=\"eael-grid-post-holder\">\n            <div class=\"eael-grid-post-holder-inner\"><div class=\"eael-entry-media\"><div class=\"eael-entry-overlay fade-in\"><i class=\"fas fa-long-arrow-alt-right\" aria-hidden=\"true\"><\/i><a href=\"https:\/\/eurofop.eu\/fr\/approche-constructiviste-dans-laccompagnement\/\"><\/a><\/div><div class=\"eael-entry-thumbnail \">\n                <img loading=\"lazy\" decoding=\"async\" width=\"300\" height=\"300\" src=\"https:\/\/eurofop.eu\/wp-content\/uploads\/2024\/06\/approche-constructiviste-300x300.jpg\" class=\"attachment-medium size-medium wp-image-305\" alt=\"\" srcset=\"https:\/\/eurofop.eu\/wp-content\/uploads\/2024\/06\/approche-constructiviste-300x300.jpg 300w, https:\/\/eurofop.eu\/wp-content\/uploads\/2024\/06\/approche-constructiviste-150x150.jpg 150w, https:\/\/eurofop.eu\/wp-content\/uploads\/2024\/06\/approche-constructiviste.jpg 512w\" sizes=\"(max-width: 300px) 100vw, 300px\" \/>\n            <\/div>\n        <\/div><div class=\"eael-entry-wrapper\"><header class=\"eael-entry-header\"><h2 class=\"eael-entry-title\"><a class=\"eael-grid-post-link\" href=\"https:\/\/eurofop.eu\/fr\/approche-constructiviste-dans-laccompagnement\/\" title=\"L&rsquo;appoche constructiviste dans l&rsquo;accompagnement et ses outils\">L&rsquo;appoche constructiviste dans l&rsquo;accompagnement et ses outils<\/a><\/h2><\/header><div class=\"eael-entry-content\">\n                        <div class=\"eael-grid-post-excerpt\"><a href=\"https:\/\/eurofop.eu\/fr\/approche-constructiviste-dans-laccompagnement\/\" class=\"eael-post-elements-readmore-btn\">En savoir plus<\/a><\/div>\n                    <\/div><\/div><\/div>\n        <\/div>\n    <\/article><article class=\"eael-grid-post  eael-post-grid-column eael-pg-post-327 category-formations\" data-id=\"327\">\n        <div class=\"eael-grid-post-holder\">\n            <div class=\"eael-grid-post-holder-inner\"><div class=\"eael-entry-media\"><div class=\"eael-entry-overlay fade-in\"><i class=\"fas fa-long-arrow-alt-right\" aria-hidden=\"true\"><\/i><a href=\"https:\/\/eurofop.eu\/fr\/lapproche-experientielle-dans-laccompagnement-et-ses-outils\/\"><\/a><\/div><div class=\"eael-entry-thumbnail \">\n                <img loading=\"lazy\" decoding=\"async\" width=\"300\" height=\"300\" src=\"https:\/\/eurofop.eu\/wp-content\/uploads\/2024\/07\/approche-experientielle-300x300.jpg\" class=\"attachment-medium size-medium wp-image-328\" alt=\"\" srcset=\"https:\/\/eurofop.eu\/wp-content\/uploads\/2024\/07\/approche-experientielle-300x300.jpg 300w, https:\/\/eurofop.eu\/wp-content\/uploads\/2024\/07\/approche-experientielle-150x150.jpg 150w, https:\/\/eurofop.eu\/wp-content\/uploads\/2024\/07\/approche-experientielle.jpg 512w\" sizes=\"(max-width: 300px) 100vw, 300px\" \/>\n            <\/div>\n        <\/div><div class=\"eael-entry-wrapper\"><header class=\"eael-entry-header\"><h2 class=\"eael-entry-title\"><a class=\"eael-grid-post-link\" href=\"https:\/\/eurofop.eu\/fr\/lapproche-experientielle-dans-laccompagnement-et-ses-outils\/\" title=\"L&rsquo;approche exp\u00e9rientielle dans l&rsquo;accompagnement et ses outils\">L&rsquo;approche exp\u00e9rientielle dans l&rsquo;accompagnement et ses outils<\/a><\/h2><\/header><div class=\"eael-entry-content\">\n                        <div class=\"eael-grid-post-excerpt\"><a href=\"https:\/\/eurofop.eu\/fr\/lapproche-experientielle-dans-laccompagnement-et-ses-outils\/\" class=\"eael-post-elements-readmore-btn\">En savoir plus<\/a><\/div>\n                    <\/div><\/div><\/div>\n        <\/div>\n    <\/article><article class=\"eael-grid-post  eael-post-grid-column eael-pg-post-312 category-formations\" data-id=\"312\">\n        <div class=\"eael-grid-post-holder\">\n            <div class=\"eael-grid-post-holder-inner\"><div class=\"eael-entry-media\"><div class=\"eael-entry-overlay fade-in\"><i class=\"fas fa-long-arrow-alt-right\" aria-hidden=\"true\"><\/i><a href=\"https:\/\/eurofop.eu\/fr\/quelques-outils-daccompagnement-de-lapproche-narrative\/\"><\/a><\/div><div class=\"eael-entry-thumbnail \">\n                <img loading=\"lazy\" decoding=\"async\" width=\"300\" height=\"300\" src=\"https:\/\/eurofop.eu\/wp-content\/uploads\/2024\/06\/approche-narrative-300x300.jpg\" class=\"attachment-medium size-medium wp-image-301\" alt=\"\" srcset=\"https:\/\/eurofop.eu\/wp-content\/uploads\/2024\/06\/approche-narrative-300x300.jpg 300w, https:\/\/eurofop.eu\/wp-content\/uploads\/2024\/06\/approche-narrative-150x150.jpg 150w, https:\/\/eurofop.eu\/wp-content\/uploads\/2024\/06\/approche-narrative.jpg 512w\" sizes=\"(max-width: 300px) 100vw, 300px\" \/>\n            <\/div>\n        <\/div><div class=\"eael-entry-wrapper\"><header class=\"eael-entry-header\"><h2 class=\"eael-entry-title\"><a class=\"eael-grid-post-link\" href=\"https:\/\/eurofop.eu\/fr\/quelques-outils-daccompagnement-de-lapproche-narrative\/\" title=\"L&rsquo;approche narrative dans l&rsquo;accompagnement et ses outils\">L&rsquo;approche narrative dans l&rsquo;accompagnement et ses outils<\/a><\/h2><\/header><div class=\"eael-entry-content\">\n                        <div class=\"eael-grid-post-excerpt\"><a href=\"https:\/\/eurofop.eu\/fr\/quelques-outils-daccompagnement-de-lapproche-narrative\/\" class=\"eael-post-elements-readmore-btn\">En savoir plus<\/a><\/div>\n                    <\/div><\/div><\/div>\n        <\/div>\n    <\/article><article class=\"eael-grid-post  eael-post-grid-column eael-pg-post-314 category-formations\" data-id=\"314\">\n        <div class=\"eael-grid-post-holder\">\n            <div class=\"eael-grid-post-holder-inner\"><div class=\"eael-entry-media\"><div class=\"eael-entry-overlay fade-in\"><i class=\"fas fa-long-arrow-alt-right\" aria-hidden=\"true\"><\/i><a href=\"https:\/\/eurofop.eu\/fr\/accompagnement-a-la-construction-de-projet-professionnel\/\"><\/a><\/div><div class=\"eael-entry-thumbnail \">\n                <img loading=\"lazy\" decoding=\"async\" width=\"300\" height=\"300\" src=\"https:\/\/eurofop.eu\/wp-content\/uploads\/2024\/06\/accompagnement-projet-300x300.jpg\" class=\"attachment-medium size-medium wp-image-303\" alt=\"\" srcset=\"https:\/\/eurofop.eu\/wp-content\/uploads\/2024\/06\/accompagnement-projet-300x300.jpg 300w, https:\/\/eurofop.eu\/wp-content\/uploads\/2024\/06\/accompagnement-projet-150x150.jpg 150w, https:\/\/eurofop.eu\/wp-content\/uploads\/2024\/06\/accompagnement-projet.jpg 512w\" sizes=\"(max-width: 300px) 100vw, 300px\" \/>\n            <\/div>\n        <\/div><div class=\"eael-entry-wrapper\"><header class=\"eael-entry-header\"><h2 class=\"eael-entry-title\"><a class=\"eael-grid-post-link\" href=\"https:\/\/eurofop.eu\/fr\/accompagnement-a-la-construction-de-projet-professionnel\/\" title=\"Accompagner la construction de projet professionnel en CEP\">Accompagner la construction de projet professionnel en CEP<\/a><\/h2><\/header><div class=\"eael-entry-content\">\n                        <div class=\"eael-grid-post-excerpt\"><a href=\"https:\/\/eurofop.eu\/fr\/accompagnement-a-la-construction-de-projet-professionnel\/\" class=\"eael-post-elements-readmore-btn\">En savoir plus<\/a><\/div>\n                    <\/div><\/div><\/div>\n        <\/div>\n    <\/article><\/div>\n            <div class=\"clearfix\"><\/div>\n        <\/div>\t\t\t\t<\/div>\n\t\t\t\t<\/div>\n\t\t\t\t\t<\/div>\n\t\t<\/div>\n\t\t\t\t\t<\/div>\n\t\t<\/section>\n\t\t\t\t<\/div>\n\t\t","protected":false},"excerpt":{"rendered":"<p>Eurofop est un organisme de formation sp\u00e9cialis\u00e9 dans l\u2019accompagnement en \u00e9volution professionnelle. Nos formations s\u2019adressent aux professionnels de l\u2019accompagnement, du conseil, du bilan, de l\u2019insertion et de l\u2019orientation. Notre offre de formation est structur\u00e9e autour de plusieurs axes : &#8211; Accompagnement et durabilit\u00e9&#8211; Utilisation d\u2019outils d\u2019approches constructivistes, exp\u00e9rientielles et narratives&#8211; Construction de projet professionnel dans le cadre du conseil en [&hellip;]<\/p>\n","protected":false},"author":1,"featured_media":0,"parent":0,"menu_order":0,"comment_status":"closed","ping_status":"closed","template":"","meta":{"footnotes":""},"class_list":["post-230","page","type-page","status-publish","hentry"],"_links":{"self":[{"href":"https:\/\/eurofop.eu\/fr\/wp-json\/wp\/v2\/pages\/230","targetHints":{"allow":["GET"]}}],"collection":[{"href":"https:\/\/eurofop.eu\/fr\/wp-json\/wp\/v2\/pages"}],"about":[{"href":"https:\/\/eurofop.eu\/fr\/wp-json\/wp\/v2\/types\/page"}],"author":[{"embeddable":true,"href":"https:\/\/eurofop.eu\/fr\/wp-json\/wp\/v2\/users\/1"}],"replies":[{"embeddable":true,"href":"https:\/\/eurofop.eu\/fr\/wp-json\/wp\/v2\/comments?post=230"}],"version-history":[{"count":46,"href":"https:\/\/eurofop.eu\/fr\/wp-json\/wp\/v2\/pages\/230\/revisions"}],"predecessor-version":[{"id":452,"href":"https:\/\/eurofop.eu\/fr\/wp-json\/wp\/v2\/pages\/230\/revisions\/452"}],"wp:attachment":[{"href":"https:\/\/eurofop.eu\/fr\/wp-json\/wp\/v2\/media?parent=230"}],"curies":[{"name":"wp","href":"https:\/\/api.w.org\/{rel}","templated":true}]}}