{"id":155,"date":"2023-03-18T17:04:53","date_gmt":"2023-03-18T17:04:53","guid":{"rendered":"https:\/\/eurofop.eu\/a-propos-de-nous\/"},"modified":"2024-12-14T15:26:51","modified_gmt":"2024-12-14T15:26:51","slug":"a-propos-de-nous","status":"publish","type":"page","link":"https:\/\/eurofop.eu\/fr\/","title":{"rendered":"A propos de nous"},"content":{"rendered":"\t\t<div data-elementor-type=\"wp-page\" data-elementor-id=\"155\" class=\"elementor elementor-155 elementor-2\">\n\t\t\t\t\t\t<section class=\"elementor-section elementor-top-section elementor-element elementor-element-ce4cc0b elementor-section-boxed elementor-section-height-default elementor-section-height-default\" data-id=\"ce4cc0b\" data-element_type=\"section\" data-e-type=\"section\">\n\t\t\t\t\t\t<div class=\"elementor-container elementor-column-gap-default\">\n\t\t\t\t\t<div class=\"elementor-column elementor-col-100 elementor-top-column elementor-element elementor-element-9025dce\" data-id=\"9025dce\" data-element_type=\"column\" data-e-type=\"column\">\n\t\t\t<div class=\"elementor-widget-wrap elementor-element-populated\">\n\t\t\t\t\t\t<div class=\"elementor-element elementor-element-c9a5821 elementor-widget elementor-widget-heading\" data-id=\"c9a5821\" data-element_type=\"widget\" data-e-type=\"widget\" data-widget_type=\"heading.default\">\n\t\t\t\t<div class=\"elementor-widget-container\">\n\t\t\t\t\t<h2 class=\"elementor-heading-title elementor-size-default\">Notre expertise<\/h2>\t\t\t\t<\/div>\n\t\t\t\t<\/div>\n\t\t\t\t\t<\/div>\n\t\t<\/div>\n\t\t\t\t\t<\/div>\n\t\t<\/section>\n\t\t\t\t<section class=\"elementor-section elementor-top-section elementor-element elementor-element-83885d0 elementor-section-boxed elementor-section-height-default elementor-section-height-default\" data-id=\"83885d0\" data-element_type=\"section\" data-e-type=\"section\">\n\t\t\t\t\t\t<div class=\"elementor-container elementor-column-gap-default\">\n\t\t\t\t\t<div class=\"elementor-column elementor-col-66 elementor-top-column elementor-element elementor-element-efaed95\" data-id=\"efaed95\" data-element_type=\"column\" data-e-type=\"column\">\n\t\t\t<div class=\"elementor-widget-wrap elementor-element-populated\">\n\t\t\t\t\t\t<section class=\"elementor-section elementor-inner-section elementor-element elementor-element-53f88a3 elementor-section-boxed elementor-section-height-default elementor-section-height-default\" data-id=\"53f88a3\" data-element_type=\"section\" data-e-type=\"section\">\n\t\t\t\t\t\t<div class=\"elementor-container elementor-column-gap-default\">\n\t\t\t\t\t<div class=\"elementor-column elementor-col-50 elementor-inner-column elementor-element elementor-element-e4a3391\" data-id=\"e4a3391\" data-element_type=\"column\" data-e-type=\"column\">\n\t\t\t<div class=\"elementor-widget-wrap elementor-element-populated\">\n\t\t\t\t\t\t<div class=\"elementor-element elementor-element-638c4f5 elementor-view-default elementor-position-block-start elementor-mobile-position-block-start elementor-widget elementor-widget-icon-box\" data-id=\"638c4f5\" data-element_type=\"widget\" data-e-type=\"widget\" data-widget_type=\"icon-box.default\">\n\t\t\t\t<div class=\"elementor-widget-container\">\n\t\t\t\t\t\t\t<div class=\"elementor-icon-box-wrapper\">\n\n\t\t\t\t\t\t<div class=\"elementor-icon-box-icon\">\n\t\t\t\t<span  class=\"elementor-icon\">\n\t\t\t\t<i aria-hidden=\"true\" class=\"fas fa-cogs\"><\/i>\t\t\t\t<\/span>\n\t\t\t<\/div>\n\t\t\t\n\t\t\t\t\t\t<div class=\"elementor-icon-box-content\">\n\n\t\t\t\t\t\t\t\t\t<h3 class=\"elementor-icon-box-title\">\n\t\t\t\t\t\t<span  >\n\t\t\t\t\t\t\tFormations impactantes pour les professionnels de l\u2019accompagnement\t\t\t\t\t\t<\/span>\n\t\t\t\t\t<\/h3>\n\t\t\t\t\n\t\t\t\t\t\t\t\t\t<p class=\"elementor-icon-box-description\">\n\t\t\t\t\t\tNos programmes de formation ont pour objectif de transformer les pratiques d'accompagnement en facilitant l'application imm\u00e9diate des connaissances acquises. Nous nous concentrons sur la mise en pratique concr\u00e8te des comp\u00e9tences d\u00e8s le retour au travail.\t\t\t\t\t<\/p>\n\t\t\t\t\n\t\t\t<\/div>\n\t\t\t\n\t\t<\/div>\n\t\t\t\t\t\t<\/div>\n\t\t\t\t<\/div>\n\t\t\t\t\t<\/div>\n\t\t<\/div>\n\t\t\t\t<div class=\"elementor-column elementor-col-50 elementor-inner-column elementor-element elementor-element-bb67d2c\" data-id=\"bb67d2c\" data-element_type=\"column\" data-e-type=\"column\">\n\t\t\t<div class=\"elementor-widget-wrap elementor-element-populated\">\n\t\t\t\t\t\t<div class=\"elementor-element elementor-element-05ec23a elementor-view-default elementor-position-block-start elementor-mobile-position-block-start elementor-widget elementor-widget-icon-box\" data-id=\"05ec23a\" data-element_type=\"widget\" data-e-type=\"widget\" data-widget_type=\"icon-box.default\">\n\t\t\t\t<div class=\"elementor-widget-container\">\n\t\t\t\t\t\t\t<div class=\"elementor-icon-box-wrapper\">\n\n\t\t\t\t\t\t<div class=\"elementor-icon-box-icon\">\n\t\t\t\t<span  class=\"elementor-icon\">\n\t\t\t\t<i aria-hidden=\"true\" class=\"fas fa-globe-europe\"><\/i>\t\t\t\t<\/span>\n\t\t\t<\/div>\n\t\t\t\n\t\t\t\t\t\t<div class=\"elementor-icon-box-content\">\n\n\t\t\t\t\t\t\t\t\t<h3 class=\"elementor-icon-box-title\">\n\t\t\t\t\t\t<span  >\n\t\t\t\t\t\t\tExp\u00e9rience Internationale\t\t\t\t\t\t<\/span>\n\t\t\t\t\t<\/h3>\n\t\t\t\t\n\t\t\t\t\t\t\t\t\t<p class=\"elementor-icon-box-description\">\n\t\t\t\t\t\tNous tirons parti de notre vaste exp\u00e9rience europ\u00e9enne en int\u00e9grant des approches constructivistes, narratives et exp\u00e9rientielles. Notre objectif est de renforcer le pouvoir d\u2019agir individuel et collectif des personnes que nous accompagnons.\t\t\t\t\t<\/p>\n\t\t\t\t\n\t\t\t<\/div>\n\t\t\t\n\t\t<\/div>\n\t\t\t\t\t\t<\/div>\n\t\t\t\t<\/div>\n\t\t\t\t\t<\/div>\n\t\t<\/div>\n\t\t\t\t\t<\/div>\n\t\t<\/section>\n\t\t\t\t\t<\/div>\n\t\t<\/div>\n\t\t\t\t<div class=\"elementor-column elementor-col-33 elementor-top-column elementor-element elementor-element-f191887\" data-id=\"f191887\" data-element_type=\"column\" data-e-type=\"column\">\n\t\t\t<div class=\"elementor-widget-wrap elementor-element-populated\">\n\t\t\t\t\t\t<div class=\"elementor-element elementor-element-388b557 elementor-view-default elementor-position-block-start elementor-mobile-position-block-start elementor-widget elementor-widget-icon-box\" data-id=\"388b557\" data-element_type=\"widget\" data-e-type=\"widget\" data-widget_type=\"icon-box.default\">\n\t\t\t\t<div class=\"elementor-widget-container\">\n\t\t\t\t\t\t\t<div class=\"elementor-icon-box-wrapper\">\n\n\t\t\t\t\t\t<div class=\"elementor-icon-box-icon\">\n\t\t\t\t<span  class=\"elementor-icon\">\n\t\t\t\t<i aria-hidden=\"true\" class=\"fas fa-leaf\"><\/i>\t\t\t\t<\/span>\n\t\t\t<\/div>\n\t\t\t\n\t\t\t\t\t\t<div class=\"elementor-icon-box-content\">\n\n\t\t\t\t\t\t\t\t\t<h3 class=\"elementor-icon-box-title\">\n\t\t\t\t\t\t<span  >\n\t\t\t\t\t\t\tPerspective de durabilit\u00e9\t\t\t\t\t\t<\/span>\n\t\t\t\t\t<\/h3>\n\t\t\t\t\n\t\t\t\t\t\t\t\t\t<p class=\"elementor-icon-box-description\">\n\t\t\t\t\t\tNotre mission est d'int\u00e9grer les principes de travail d\u00e9cent, de justice sociale et de durabilit\u00e9, y compris de \u00ab green guidance \u00bb dans les pratiques professionnelles actuelles pour r\u00e9pondre aux d\u00e9fis contemporains.\t\t\t\t\t<\/p>\n\t\t\t\t\n\t\t\t<\/div>\n\t\t\t\n\t\t<\/div>\n\t\t\t\t\t\t<\/div>\n\t\t\t\t<\/div>\n\t\t\t\t\t<\/div>\n\t\t<\/div>\n\t\t\t\t\t<\/div>\n\t\t<\/section>\n\t\t\t\t<section class=\"elementor-section elementor-top-section elementor-element elementor-element-185dedea elementor-section-boxed elementor-section-height-default elementor-section-height-default\" data-id=\"185dedea\" data-element_type=\"section\" data-e-type=\"section\">\n\t\t\t\t\t\t<div class=\"elementor-container elementor-column-gap-default\">\n\t\t\t\t\t<div class=\"elementor-column elementor-col-100 elementor-top-column elementor-element elementor-element-37154fa0\" data-id=\"37154fa0\" data-element_type=\"column\" data-e-type=\"column\">\n\t\t\t<div class=\"elementor-widget-wrap elementor-element-populated\">\n\t\t\t\t\t\t<div class=\"elementor-element elementor-element-132f7e04 elementor-widget elementor-widget-text-editor\" data-id=\"132f7e04\" data-element_type=\"widget\" data-e-type=\"widget\" data-widget_type=\"text-editor.default\">\n\t\t\t\t<div class=\"elementor-widget-container\">\n\t\t\t\t\t\t\t\t\t<p>Eurofop propose la formation et conseil pour l&rsquo;accompagnement des parcours professionnels soutenables. Eurofop a \u00e9t\u00e9 cr\u00e9\u00e9 pour capitaliser et cr\u00e9er des synergies \u00e0 partir des exp\u00e9riences de ses membres fondateurs dans les domaines du <strong>changement climatique<\/strong> et de l&rsquo;<strong>orientation professionnelle<\/strong>. Sa mission est de contribuer au d\u00e9veloppement durable par la formation, l&rsquo;\u00e9ducation, le conseil en \u00e9nergie et la promotion de choix de carri\u00e8re significatifs en accord avec l&rsquo;imp\u00e9ratif moral de la protection de l&rsquo;environnement et de la durabilit\u00e9.<\/p>\n<p>Nos experts ont plus de 15 ans d&rsquo;exp\u00e9rience dans le domaine de l&rsquo;\u00e9ducation et de la formation tout au long de la vie, de l&rsquo;orientation tout au long de la vie et de l&rsquo;orientation \u00e9cologique. Au cours de ces ann\u00e9es, nos membres ont \u00e9t\u00e9 actifs dans les domaines suivants, dans leurs diff\u00e9rentes missions professionnelles ou \u00e0 travers la coop\u00e9ration europ\u00e9enne<\/p>\n<ul>\n<li>Formation<\/li>\n<li>Analyse des pratiques<\/li>\n<li>D\u00e9veloppement d\u2019outils num\u00e9riques pour l\u2019accompagnement<\/li>\n<li>La gamification de l\u2019apprentissage, de l&rsquo;orientation et de l\u2019accompagnement<\/li>\n<li>D\u00e9veloppement m\u00e9thodologique<\/li>\n<li>Conception de politiques publiques pour l\u2019accompagnement<\/li>\n<li>D\u00e9veloppement de partenariats<\/li>\n<\/ul>\n<p>Nous avons particip\u00e9 \u00e0 des partenariats de recherche et de projet dans divers pays europ\u00e9ens, notamment en France, Allemagne, Italie, Belgique, Danemark, Norv\u00e8ge, Pays-Bas, Royaume-Uni, Tch\u00e9quie, Slovaquie, Hongrie, Gr\u00e8ce, Bulgarie, Roumanie et bien d&rsquo;autres pays.<\/p>\n<p>Eurofop propose \u00e9galement des activit\u00e9s de sensibilisation, d&rsquo;orientation et d&rsquo;accompagnement vers des modes de vie soutenables.<\/p>\n<p>Pour toute demande d&rsquo;information, veuillez nous contacter \u00e0 l&rsquo;adresse suivante : info@eurofop.eu<\/p>\n\t\t\t\t\t\t\t\t<\/div>\n\t\t\t\t<\/div>\n\t\t\t\t\t<\/div>\n\t\t<\/div>\n\t\t\t\t\t<\/div>\n\t\t<\/section>\n\t\t\t\t<\/div>\n\t\t","protected":false},"excerpt":{"rendered":"<p>Notre expertise Formations impactantes pour les professionnels de l\u2019accompagnement Nos programmes de formation ont pour objectif de transformer les pratiques d&rsquo;accompagnement en facilitant l&rsquo;application imm\u00e9diate des connaissances acquises. Nous nous concentrons sur la mise en pratique concr\u00e8te des comp\u00e9tences d\u00e8s le retour au travail. Exp\u00e9rience Internationale Nous tirons parti de notre vaste exp\u00e9rience europ\u00e9enne en int\u00e9grant des approches constructivistes, narratives [&hellip;]<\/p>\n","protected":false},"author":1,"featured_media":0,"parent":0,"menu_order":0,"comment_status":"closed","ping_status":"open","template":"","meta":{"footnotes":""},"class_list":["post-155","page","type-page","status-publish","hentry"],"_links":{"self":[{"href":"https:\/\/eurofop.eu\/fr\/wp-json\/wp\/v2\/pages\/155","targetHints":{"allow":["GET"]}}],"collection":[{"href":"https:\/\/eurofop.eu\/fr\/wp-json\/wp\/v2\/pages"}],"about":[{"href":"https:\/\/eurofop.eu\/fr\/wp-json\/wp\/v2\/types\/page"}],"author":[{"embeddable":true,"href":"https:\/\/eurofop.eu\/fr\/wp-json\/wp\/v2\/users\/1"}],"replies":[{"embeddable":true,"href":"https:\/\/eurofop.eu\/fr\/wp-json\/wp\/v2\/comments?post=155"}],"version-history":[{"count":37,"href":"https:\/\/eurofop.eu\/fr\/wp-json\/wp\/v2\/pages\/155\/revisions"}],"predecessor-version":[{"id":519,"href":"https:\/\/eurofop.eu\/fr\/wp-json\/wp\/v2\/pages\/155\/revisions\/519"}],"wp:attachment":[{"href":"https:\/\/eurofop.eu\/fr\/wp-json\/wp\/v2\/media?parent=155"}],"curies":[{"name":"wp","href":"https:\/\/api.w.org\/{rel}","templated":true}]}}